{"id":6692,"date":"2019-07-28T21:33:22","date_gmt":"2019-07-28T19:33:22","guid":{"rendered":"http:\/\/www.dova-aircraft.cz\/dekujeme\/"},"modified":"2019-07-28T21:33:22","modified_gmt":"2019-07-28T19:33:22","slug":"dekujeme","status":"publish","type":"page","link":"https:\/\/www.dova-aircraft.cz\/pl\/dekujeme\/","title":{"rendered":"D\u011bkujeme"},"content":{"rendered":"<p style=\"text-align: center;\">Va\u0161e zpr\u00e1va byla odesl\u00e1na. D\u011bkujeme<\/p>\n","protected":false},"excerpt":{"rendered":"<p>Va\u0161e zpr\u00e1va byla odesl\u00e1na. D\u011bkujeme<\/p>\n","protected":false},"author":1,"featured_media":0,"parent":0,"menu_order":0,"comment_status":"closed","ping_status":"closed","template":"_thanks.php","meta":[],"acf":[],"yoast_head":"<!-- This site is optimized with the Yoast SEO plugin v20.10 - https:\/\/yoast.com\/wordpress\/plugins\/seo\/ -->\n<title>D\u011bkujeme - DOVA Aircraft<\/title>\n<meta name=\"robots\" content=\"index, follow, max-snippet:-1, max-image-preview:large, max-video-preview:-1\" \/>\n<link rel=\"canonical\" href=\"https:\/\/www.dova-aircraft.cz\/pl\/dekujeme\/\" \/>\n<meta property=\"og:locale\" content=\"pl_PL\" \/>\n<meta property=\"og:type\" content=\"article\" \/>\n<meta property=\"og:title\" content=\"D\u011bkujeme - DOVA Aircraft\" \/>\n<meta property=\"og:description\" content=\"Va\u0161e zpr\u00e1va byla odesl\u00e1na. D\u011bkujeme\" \/>\n<meta property=\"og:url\" content=\"https:\/\/www.dova-aircraft.cz\/pl\/dekujeme\/\" \/>\n<meta property=\"og:site_name\" content=\"DOVA Aircraft\" \/>\n<meta name=\"twitter:card\" content=\"summary_large_image\" \/>\n<script type=\"application\/ld+json\" class=\"yoast-schema-graph\">{\"@context\":\"https:\/\/schema.org\",\"@graph\":[{\"@type\":\"WebPage\",\"@id\":\"https:\/\/www.dova-aircraft.cz\/pl\/dekujeme\/\",\"url\":\"https:\/\/www.dova-aircraft.cz\/pl\/dekujeme\/\",\"name\":\"D\u011bkujeme - DOVA Aircraft\",\"isPartOf\":{\"@id\":\"https:\/\/www.dova-aircraft.cz\/pl\/#website\"},\"datePublished\":\"2019-07-28T19:33:22+00:00\",\"dateModified\":\"2019-07-28T19:33:22+00:00\",\"breadcrumb\":{\"@id\":\"https:\/\/www.dova-aircraft.cz\/pl\/dekujeme\/#breadcrumb\"},\"inLanguage\":\"pl-PL\",\"potentialAction\":[{\"@type\":\"ReadAction\",\"target\":[\"https:\/\/www.dova-aircraft.cz\/pl\/dekujeme\/\"]}]},{\"@type\":\"BreadcrumbList\",\"@id\":\"https:\/\/www.dova-aircraft.cz\/pl\/dekujeme\/#breadcrumb\",\"itemListElement\":[{\"@type\":\"ListItem\",\"position\":1,\"name\":\"Dom\u016f\",\"item\":\"https:\/\/www.dova-aircraft.cz\/pl\/\"},{\"@type\":\"ListItem\",\"position\":2,\"name\":\"D\u011bkujeme\"}]},{\"@type\":\"WebSite\",\"@id\":\"https:\/\/www.dova-aircraft.cz\/pl\/#website\",\"url\":\"https:\/\/www.dova-aircraft.cz\/pl\/\",\"name\":\"DOVA Aircraft\",\"description\":\"Ultralight Skylark DV-1\",\"potentialAction\":[{\"@type\":\"SearchAction\",\"target\":{\"@type\":\"EntryPoint\",\"urlTemplate\":\"https:\/\/www.dova-aircraft.cz\/pl\/?s={search_term_string}\"},\"query-input\":\"required name=search_term_string\"}],\"inLanguage\":\"pl-PL\"}]}<\/script>\n<!-- \/ Yoast SEO plugin. -->","yoast_head_json":{"title":"D\u011bkujeme - DOVA Aircraft","robots":{"index":"index","follow":"follow","max-snippet":"max-snippet:-1","max-image-preview":"max-image-preview:large","max-video-preview":"max-video-preview:-1"},"canonical":"https:\/\/www.dova-aircraft.cz\/pl\/dekujeme\/","og_locale":"pl_PL","og_type":"article","og_title":"D\u011bkujeme - DOVA Aircraft","og_description":"Va\u0161e zpr\u00e1va byla odesl\u00e1na. D\u011bkujeme","og_url":"https:\/\/www.dova-aircraft.cz\/pl\/dekujeme\/","og_site_name":"DOVA Aircraft","twitter_card":"summary_large_image","schema":{"@context":"https:\/\/schema.org","@graph":[{"@type":"WebPage","@id":"https:\/\/www.dova-aircraft.cz\/pl\/dekujeme\/","url":"https:\/\/www.dova-aircraft.cz\/pl\/dekujeme\/","name":"D\u011bkujeme - DOVA Aircraft","isPartOf":{"@id":"https:\/\/www.dova-aircraft.cz\/pl\/#website"},"datePublished":"2019-07-28T19:33:22+00:00","dateModified":"2019-07-28T19:33:22+00:00","breadcrumb":{"@id":"https:\/\/www.dova-aircraft.cz\/pl\/dekujeme\/#breadcrumb"},"inLanguage":"pl-PL","potentialAction":[{"@type":"ReadAction","target":["https:\/\/www.dova-aircraft.cz\/pl\/dekujeme\/"]}]},{"@type":"BreadcrumbList","@id":"https:\/\/www.dova-aircraft.cz\/pl\/dekujeme\/#breadcrumb","itemListElement":[{"@type":"ListItem","position":1,"name":"Dom\u016f","item":"https:\/\/www.dova-aircraft.cz\/pl\/"},{"@type":"ListItem","position":2,"name":"D\u011bkujeme"}]},{"@type":"WebSite","@id":"https:\/\/www.dova-aircraft.cz\/pl\/#website","url":"https:\/\/www.dova-aircraft.cz\/pl\/","name":"DOVA Aircraft","description":"Ultralight Skylark DV-1","potentialAction":[{"@type":"SearchAction","target":{"@type":"EntryPoint","urlTemplate":"https:\/\/www.dova-aircraft.cz\/pl\/?s={search_term_string}"},"query-input":"required name=search_term_string"}],"inLanguage":"pl-PL"}]}},"_links":{"self":[{"href":"https:\/\/www.dova-aircraft.cz\/pl\/wp-json\/wp\/v2\/pages\/6692"}],"collection":[{"href":"https:\/\/www.dova-aircraft.cz\/pl\/wp-json\/wp\/v2\/pages"}],"about":[{"href":"https:\/\/www.dova-aircraft.cz\/pl\/wp-json\/wp\/v2\/types\/page"}],"author":[{"embeddable":true,"href":"https:\/\/www.dova-aircraft.cz\/pl\/wp-json\/wp\/v2\/users\/1"}],"replies":[{"embeddable":true,"href":"https:\/\/www.dova-aircraft.cz\/pl\/wp-json\/wp\/v2\/comments?post=6692"}],"version-history":[{"count":0,"href":"https:\/\/www.dova-aircraft.cz\/pl\/wp-json\/wp\/v2\/pages\/6692\/revisions"}],"wp:attachment":[{"href":"https:\/\/www.dova-aircraft.cz\/pl\/wp-json\/wp\/v2\/media?parent=6692"}],"curies":[{"name":"wp","href":"https:\/\/api.w.org\/{rel}","templated":true}]}}