{"id":6634,"date":"2019-10-03T09:07:44","date_gmt":"2019-10-03T07:07:44","guid":{"rendered":"http:\/\/www.dova-aircraft.cz\/technicke-parametry\/"},"modified":"2019-11-27T14:50:59","modified_gmt":"2019-11-27T13:50:59","slug":"technicke-parametry","status":"publish","type":"page","link":"https:\/\/www.dova-aircraft.cz\/pl\/technicke-parametry\/","title":{"rendered":"Parametry techniczne"},"content":{"rendered":"<div class=\"column one-half\">\n<h4 class=\"dova-skylark\"><span style=\"text-decoration: underline;\">No\u015bno\u015b\u0107 i obci\u0105\u017cenie<\/span><\/h4>\n<div class=\"dova-tabulka-responzivni\">\n<table class=\"dova-tabulka\">\n<thead>\n<tr>\n<td><\/td>\n<th><strong>Ultralight<\/strong><\/th>\n<th><strong>E-LSA<\/strong><\/th>\n<\/tr>\n<\/thead>\n<tbody>\n<tr>\n<th><strong>Masa netto<\/strong><\/th>\n<td>287 kg<\/td>\n<td>290 kg<\/td>\n<\/tr>\n<tr>\n<th><strong>Maksymalna masa startowa<\/strong><\/th>\n<td>450 kg (472,5 kg w\/system ratowniczy)<\/td>\n<td>600 kg<\/td>\n<\/tr>\n<tr>\n<th><strong>Obci\u0105\u017cenie u\u017cytkowe<\/strong><\/th>\n<td>163 kg<\/td>\n<td>310 kg<\/td>\n<\/tr>\n<tr>\n<th><strong>Maksymalna ilo\u015b\u0107 paliwa<\/strong><\/th>\n<td>90 l<\/td>\n<td>90 l<\/td>\n<\/tr>\n<tr>\n<th><strong>Maksymalna waga baga\u017cu<\/strong><\/th>\n<td>20 kg<\/td>\n<td>20 kg<\/td>\n<\/tr>\n<tr>\n<th><strong>Maksymalne mno\u017cniki operacyjne<\/strong><\/th>\n<td>(+4, -2)<\/td>\n<td>(+4, -2)<\/td>\n<\/tr>\n<\/tbody>\n<\/table>\n<\/div>\n<div class=\"spacer-medium\"><\/div>\n<h4 class=\"dova-skylark\"><span style=\"text-decoration: underline;\">Pr\u0119dko\u015bci lotu<\/span><\/h4>\n<div class=\"dova-tabulka-responzivni\">\n<table class=\"dova-tabulka\">\n<thead>\n<tr>\n<td><\/td>\n<th><strong>Ultralight<\/strong><\/th>\n<th><strong>E-LSA<\/strong><\/th>\n<\/tr>\n<\/thead>\n<tbody>\n<tr>\n<th><strong>Pr\u0119dko\u015b\u0107 swobodnego opadania bez klap<\/strong><\/th>\n<td>78 km\/h<\/td>\n<td>83 km\/h<\/td>\n<\/tr>\n<tr>\n<th><strong>Pr\u0119dko\u015b\u0107 swobodnego opadania z klapami<\/strong><\/th>\n<td>64 km\/h<\/td>\n<td>68 km\/h<\/td>\n<\/tr>\n<tr>\n<th><strong>Maksymalna nieprzekraczalna pr\u0119dko\u015b\u0107<\/strong><\/th>\n<td>285 km\/h<\/td>\n<td>285 km\/h<\/td>\n<\/tr>\n<tr>\n<th><strong>Maksymalna pr\u0119dko\u015b\u0107 lotu w poziomie<\/strong><\/th>\n<td>230 km\/h<\/td>\n<td>230 km\/h<\/td>\n<\/tr>\n<tr>\n<th><strong>Pr\u0119dko\u015b\u0107 przelotowa<\/strong><\/th>\n<td>210 km\/h<\/td>\n<td>210 km\/h<\/td>\n<\/tr>\n<tr>\n<th><strong>Pr\u0119dko\u015b\u0107 wznoszenia<\/strong><\/th>\n<td>6 m\/s<\/td>\n<td>5.9 m\/s<\/td>\n<\/tr>\n<tr>\n<th><strong>Pu\u0142ap<\/strong><\/th>\n<td>3650 m<\/td>\n<td>3650 m<\/td>\n<\/tr>\n<tr>\n<th><strong>Zasi\u0119g (30 min rezerwy)<\/strong><\/th>\n<td>1000 km<\/td>\n<td>900 km<\/td>\n<\/tr>\n<\/tbody>\n<\/table>\n<\/div>\n<\/div>\n<div class=\"column one-half last-col\">\n<h4 class=\"dova-skylark\"><span style=\"text-decoration: underline;\">Wymiary<\/span><\/h4>\n<div class=\"dova-tabulka-responzivni\">\n<table class=\"dova-tabulka\">\n<tbody>\n<tr>\n<th><strong>Rozpi\u0119to\u015b\u0107 skrzyde\u0142<\/strong><\/th>\n<td>8.14 m<\/td>\n<\/tr>\n<tr>\n<th><strong>D\u0142ugo\u015b\u0107 samolotu<\/strong><\/th>\n<td>6.62 m<\/td>\n<\/tr>\n<tr>\n<th><strong>Wysoko\u015b\u0107 samolotu<\/strong><\/th>\n<td>2.28 m<\/td>\n<\/tr>\n<tr>\n<th><strong>Szeroko\u015b\u0107 kabiny<\/strong><\/th>\n<td>1.09 m<\/td>\n<\/tr>\n<tr>\n<th><strong>Powierzchnia skrzyd\u0142a<\/strong><\/th>\n<td>9.44 m<sup>2<\/sup><\/td>\n<\/tr>\n<tr>\n<th><strong>Powierzchnia VOP<\/strong><\/th>\n<td>1,48 m<sup>2<\/sup><\/td>\n<\/tr>\n<tr>\n<th><strong>Powierzchnia SOP<\/strong><\/th>\n<td>0.9 m<sup>2<\/sup><\/td>\n<\/tr>\n<\/tbody>\n<\/table>\n<\/div>\n<div class=\"spacer-medium\"><\/div>\n<h4 class=\"dova-skylark\"><span style=\"text-decoration: underline;\">Inne parametry<\/span><\/h4>\n<div class=\"dova-tabulka-responzivni\">\n<table class=\"dova-tabulka\">\n<tbody>\n<tr>\n<th><strong>Pr\u0119dko\u015b\u0107 przelotowa przy wysoko\u015bci 3000 st\u00f3p i 75% mocy<\/strong><\/th>\n<td>210 km\/h<\/td>\n<\/tr>\n<tr>\n<th><strong>Maksymalna pr\u0119dko\u015b\u0107 pozioma<\/strong><\/th>\n<td>230 km\/h<\/td>\n<\/tr>\n<tr>\n<th><strong>Odleg\u0142o\u015b\u0107 wzlotu przed 15 m przeszkod\u0105 &#8211; po betonie<\/strong><\/th>\n<td>265 m<\/td>\n<\/tr>\n<tr>\n<th><strong>Odleg\u0142o\u015b\u0107 wzlotu przed 15 m przeszkod\u0105 &#8211; po trawie<\/strong><\/th>\n<td>280 m<\/td>\n<\/tr>\n<tr>\n<th><strong>Droga hamowania<\/strong><\/th>\n<td>153 m<\/td>\n<\/tr>\n<tr>\n<th><strong>Zasi\u0119g<\/strong><\/th>\n<td>1000 km<\/td>\n<\/tr>\n<tr>\n<th><strong>Czas trwania lotu<\/strong><\/th>\n<td>5 h<\/td>\n<\/tr>\n<tr>\n<th><strong>Pojemno\u015b\u0107 zbiornika paliwa<\/strong><\/th>\n<td>90 l<\/td>\n<\/tr>\n<tr>\n<th><strong>\u015arednie zu\u017cycie paliwa<\/strong><\/th>\n<td>15 l\/h<\/td>\n<\/tr>\n<\/tbody>\n<\/table>\n<\/div>\n<\/div>\n","protected":false},"excerpt":{"rendered":"<p>No\u015bno\u015b\u0107 i obci\u0105\u017cenie Ultralight E-LSA Masa netto 287 kg &#8230;<\/p>\n","protected":false},"author":3,"featured_media":0,"parent":0,"menu_order":0,"comment_status":"closed","ping_status":"closed","template":"","meta":[],"acf":[],"yoast_head":"<!-- This site is optimized with the Yoast SEO plugin v20.10 - https:\/\/yoast.com\/wordpress\/plugins\/seo\/ -->\n<title>Parametry techniczne - DOVA Aircraft<\/title>\n<meta name=\"robots\" content=\"index, follow, max-snippet:-1, max-image-preview:large, max-video-preview:-1\" \/>\n<link rel=\"canonical\" href=\"https:\/\/www.dova-aircraft.cz\/pl\/technicke-parametry\/\" \/>\n<meta property=\"og:locale\" content=\"pl_PL\" \/>\n<meta property=\"og:type\" content=\"article\" \/>\n<meta property=\"og:title\" content=\"Parametry techniczne - DOVA Aircraft\" \/>\n<meta property=\"og:description\" content=\"No\u015bno\u015b\u0107 i obci\u0105\u017cenie Ultralight E-LSA Masa netto 287 kg ...\" \/>\n<meta property=\"og:url\" content=\"https:\/\/www.dova-aircraft.cz\/pl\/technicke-parametry\/\" \/>\n<meta property=\"og:site_name\" content=\"DOVA Aircraft\" \/>\n<meta property=\"article:modified_time\" content=\"2019-11-27T13:50:59+00:00\" \/>\n<meta name=\"twitter:card\" content=\"summary_large_image\" \/>\n<meta name=\"twitter:label1\" content=\"Szacowany czas czytania\" \/>\n\t<meta name=\"twitter:data1\" content=\"1 minuta\" \/>\n<script type=\"application\/ld+json\" class=\"yoast-schema-graph\">{\"@context\":\"https:\/\/schema.org\",\"@graph\":[{\"@type\":\"WebPage\",\"@id\":\"https:\/\/www.dova-aircraft.cz\/pl\/technicke-parametry\/\",\"url\":\"https:\/\/www.dova-aircraft.cz\/pl\/technicke-parametry\/\",\"name\":\"Parametry techniczne - DOVA Aircraft\",\"isPartOf\":{\"@id\":\"https:\/\/www.dova-aircraft.cz\/pl\/#website\"},\"datePublished\":\"2019-10-03T07:07:44+00:00\",\"dateModified\":\"2019-11-27T13:50:59+00:00\",\"breadcrumb\":{\"@id\":\"https:\/\/www.dova-aircraft.cz\/pl\/technicke-parametry\/#breadcrumb\"},\"inLanguage\":\"pl-PL\",\"potentialAction\":[{\"@type\":\"ReadAction\",\"target\":[\"https:\/\/www.dova-aircraft.cz\/pl\/technicke-parametry\/\"]}]},{\"@type\":\"BreadcrumbList\",\"@id\":\"https:\/\/www.dova-aircraft.cz\/pl\/technicke-parametry\/#breadcrumb\",\"itemListElement\":[{\"@type\":\"ListItem\",\"position\":1,\"name\":\"Dom\u016f\",\"item\":\"https:\/\/www.dova-aircraft.cz\/pl\/\"},{\"@type\":\"ListItem\",\"position\":2,\"name\":\"Parametry techniczne\"}]},{\"@type\":\"WebSite\",\"@id\":\"https:\/\/www.dova-aircraft.cz\/pl\/#website\",\"url\":\"https:\/\/www.dova-aircraft.cz\/pl\/\",\"name\":\"DOVA Aircraft\",\"description\":\"Ultralight Skylark DV-1\",\"potentialAction\":[{\"@type\":\"SearchAction\",\"target\":{\"@type\":\"EntryPoint\",\"urlTemplate\":\"https:\/\/www.dova-aircraft.cz\/pl\/?s={search_term_string}\"},\"query-input\":\"required name=search_term_string\"}],\"inLanguage\":\"pl-PL\"}]}<\/script>\n<!-- \/ Yoast SEO plugin. -->","yoast_head_json":{"title":"Parametry techniczne - DOVA Aircraft","robots":{"index":"index","follow":"follow","max-snippet":"max-snippet:-1","max-image-preview":"max-image-preview:large","max-video-preview":"max-video-preview:-1"},"canonical":"https:\/\/www.dova-aircraft.cz\/pl\/technicke-parametry\/","og_locale":"pl_PL","og_type":"article","og_title":"Parametry techniczne - DOVA Aircraft","og_description":"No\u015bno\u015b\u0107 i obci\u0105\u017cenie Ultralight E-LSA Masa netto 287 kg ...","og_url":"https:\/\/www.dova-aircraft.cz\/pl\/technicke-parametry\/","og_site_name":"DOVA Aircraft","article_modified_time":"2019-11-27T13:50:59+00:00","twitter_card":"summary_large_image","twitter_misc":{"Szacowany czas czytania":"1 minuta"},"schema":{"@context":"https:\/\/schema.org","@graph":[{"@type":"WebPage","@id":"https:\/\/www.dova-aircraft.cz\/pl\/technicke-parametry\/","url":"https:\/\/www.dova-aircraft.cz\/pl\/technicke-parametry\/","name":"Parametry techniczne - DOVA Aircraft","isPartOf":{"@id":"https:\/\/www.dova-aircraft.cz\/pl\/#website"},"datePublished":"2019-10-03T07:07:44+00:00","dateModified":"2019-11-27T13:50:59+00:00","breadcrumb":{"@id":"https:\/\/www.dova-aircraft.cz\/pl\/technicke-parametry\/#breadcrumb"},"inLanguage":"pl-PL","potentialAction":[{"@type":"ReadAction","target":["https:\/\/www.dova-aircraft.cz\/pl\/technicke-parametry\/"]}]},{"@type":"BreadcrumbList","@id":"https:\/\/www.dova-aircraft.cz\/pl\/technicke-parametry\/#breadcrumb","itemListElement":[{"@type":"ListItem","position":1,"name":"Dom\u016f","item":"https:\/\/www.dova-aircraft.cz\/pl\/"},{"@type":"ListItem","position":2,"name":"Parametry techniczne"}]},{"@type":"WebSite","@id":"https:\/\/www.dova-aircraft.cz\/pl\/#website","url":"https:\/\/www.dova-aircraft.cz\/pl\/","name":"DOVA Aircraft","description":"Ultralight Skylark DV-1","potentialAction":[{"@type":"SearchAction","target":{"@type":"EntryPoint","urlTemplate":"https:\/\/www.dova-aircraft.cz\/pl\/?s={search_term_string}"},"query-input":"required name=search_term_string"}],"inLanguage":"pl-PL"}]}},"_links":{"self":[{"href":"https:\/\/www.dova-aircraft.cz\/pl\/wp-json\/wp\/v2\/pages\/6634"}],"collection":[{"href":"https:\/\/www.dova-aircraft.cz\/pl\/wp-json\/wp\/v2\/pages"}],"about":[{"href":"https:\/\/www.dova-aircraft.cz\/pl\/wp-json\/wp\/v2\/types\/page"}],"author":[{"embeddable":true,"href":"https:\/\/www.dova-aircraft.cz\/pl\/wp-json\/wp\/v2\/users\/3"}],"replies":[{"embeddable":true,"href":"https:\/\/www.dova-aircraft.cz\/pl\/wp-json\/wp\/v2\/comments?post=6634"}],"version-history":[{"count":2,"href":"https:\/\/www.dova-aircraft.cz\/pl\/wp-json\/wp\/v2\/pages\/6634\/revisions"}],"predecessor-version":[{"id":7849,"href":"https:\/\/www.dova-aircraft.cz\/pl\/wp-json\/wp\/v2\/pages\/6634\/revisions\/7849"}],"wp:attachment":[{"href":"https:\/\/www.dova-aircraft.cz\/pl\/wp-json\/wp\/v2\/media?parent=6634"}],"curies":[{"name":"wp","href":"https:\/\/api.w.org\/{rel}","templated":true}]}}