{"id":6686,"date":"2019-10-03T10:48:06","date_gmt":"2019-10-03T08:48:06","guid":{"rendered":"http:\/\/www.dova-aircraft.cz\/deset-kroku-k-dokonalosti\/"},"modified":"2021-08-30T10:46:40","modified_gmt":"2021-08-30T08:46:40","slug":"deset-kroku-k-dokonalosti","status":"publish","type":"page","link":"https:\/\/www.dova-aircraft.cz\/fr\/deset-kroku-k-dokonalosti\/","title":{"rendered":"Dix pas vers la perfection"},"content":{"rendered":"<p><strong>ULM enti\u00e8rement m\u00e9tallique, \u00e9l\u00e9gant et durable<\/strong><br \/>\n\u2013 Fuselage semi-monocoque en duraluminium<br \/>\n\u2013 Ailes trap\u00e9zo\u00efdales en duraluminium avec des winglets en composite<br \/>\n\u2013 Technologie de rivets \u00e0 t\u00eate noy\u00e9e sur les ailes pour une meilleure a\u00e9rodynamique<br \/>\n\u2013 Traitement anticorrosion<br \/>\n\u2013 Lignes raffin\u00e9es gr\u00e2ce \u00e0 la finition en composite<\/p>\n<p><strong>Train d\u2019atterrissage tricycle robuste<\/strong><br \/>\n\u2013 Train principal en composite renforc\u00e9, \u00e0 voie \u00e9largie pour une meilleure stabilit\u00e9 au sol, notamment par vents de travers<br \/>\n\u2013 Pneus larges pour une meilleure performance sur les pistes en herbe et mouill\u00e9es<br \/>\n\u2013 Train avant amorti et tr\u00e8s solide pour un confort et une s\u00e9curit\u00e9 maximum sur tout type de piste<\/p>\n<p><strong>Moteur Rotax 912 ULS (100 cv)<\/strong><br \/>\n\u2013 Fiabilit\u00e9 irr\u00e9prochable et performance optimale<br \/>\n\u2013 Espace moteur spacieux, facile d&rsquo;acc\u00e8s pour l\u2019entretien p\u00e9riodique<\/p>\n<p><strong>Confort int\u00e9rieur<\/strong><br \/>\n\u2013 Large cockpit \u2013 1,09 m \u2013 spacieux et confortable<br \/>\n\u2013 Si\u00e8ges ergonomiques r\u00e9glables avec appuie-t\u00eates<br \/>\n\u2013 A\u00e9ration et chauffage efficaces l\u2019\u00e9t\u00e9 comme l\u2019hiver<\/p>\n<p><strong>Verri\u00e8re panoramique coulissante vers l\u2019avant<\/strong><br \/>\n\u2013 S\u00e9curit\u00e9 accrue<br \/>\n\u2013 Acc\u00e8s facilit\u00e9<br \/>\n\u2013 Vue \u00e0 360\u00b0<\/p>\n<p><strong>Plaisir du pilotage<\/strong><br \/>\n\u2013 ULM maniable et r\u00e9actif, m\u00eame \u00e0 basse vitesse<br \/>\n\u2013 Stabilit\u00e9 en vol exceptionnelle gr\u00e2ce aux winglets, l\u2019empennage en \u201eT\u201c et volets n\u00e9gatifs<br \/>\n\u2013 Id\u00e9al pour l\u2019\u00e9colage, doubles commandes<span><br \/>\n<\/span><\/p>\n<p><strong>Maniabilit\u00e9 au sol<\/strong><br \/>\n\u2013 Freins \u00e0 disque hydrauliques diff\u00e9rentiels<br \/>\n\u2013 Roulette de nez orientable aux palonniers<span><br \/>\n<\/span><\/p>\n<p><strong>ULM de voyage par excellence<\/strong><br \/>\n\u2013 Vitesse de croisi\u00e8re \u00e9lev\u00e9e (210 km\/h)<br \/>\n\u2013 Le compartiment \u00e0 bagages situ\u00e9 derri\u00e8re les si\u00e8ges supporte des bagages de 20 kg au maximum.<br \/>\n\u2013\u00a0Autonomie importante (5h \/ 90l)<span><br \/>\n<\/span>\u2013 Compartiment \u00e0 bagage volumineux<span><br \/>\n<\/span>\u2013 Jusqu\u2019\u00e0 20 kg de bagages<span><br \/>\n<\/span><\/p>\n<p><strong>Masse max. au d\u00e9collage autoris\u00e9e en France : 500\/525 kg<\/strong><br \/>\n\u2013 Homologu\u00e9 600 kg en R\u00e9publique tch\u00e8que et aux USA<\/p>\n<p><strong>Fabrication en petite s\u00e9rie pour une personnalisation sans limites<\/strong><br \/>\n\u2013 Design ext\u00e9rieur 100% personnalisable<br \/>\n\u2013 Grand choix d\u2019avionique en option<br \/>\n\u2013 Finition toujours haut de gamme, parfaitement soign\u00e9e<\/p>\n","protected":false},"excerpt":{"rendered":"<p>ULM enti\u00e8rement m\u00e9tallique, \u00e9l\u00e9gant et durable \u2013 Fuselage semi-monocoque &#8230;<\/p>\n","protected":false},"author":3,"featured_media":0,"parent":0,"menu_order":0,"comment_status":"closed","ping_status":"closed","template":"","meta":[],"acf":[],"yoast_head":"<!-- This site is optimized with the Yoast SEO plugin v20.10 - https:\/\/yoast.com\/wordpress\/plugins\/seo\/ -->\n<title>Dix pas vers la perfection - DOVA Aircraft<\/title>\n<meta name=\"robots\" content=\"index, follow, max-snippet:-1, max-image-preview:large, max-video-preview:-1\" \/>\n<link rel=\"canonical\" href=\"https:\/\/www.dova-aircraft.cz\/fr\/deset-kroku-k-dokonalosti\/\" \/>\n<meta property=\"og:locale\" content=\"fr_FR\" \/>\n<meta property=\"og:type\" content=\"article\" \/>\n<meta property=\"og:title\" content=\"Dix pas vers la perfection - DOVA Aircraft\" \/>\n<meta property=\"og:description\" content=\"ULM enti\u00e8rement m\u00e9tallique, \u00e9l\u00e9gant et durable \u2013 Fuselage semi-monocoque ...\" \/>\n<meta property=\"og:url\" content=\"https:\/\/www.dova-aircraft.cz\/fr\/deset-kroku-k-dokonalosti\/\" \/>\n<meta property=\"og:site_name\" content=\"DOVA Aircraft\" \/>\n<meta property=\"article:modified_time\" content=\"2021-08-30T08:46:40+00:00\" \/>\n<meta name=\"twitter:card\" content=\"summary_large_image\" \/>\n<meta name=\"twitter:label1\" content=\"Dur\u00e9e de lecture estim\u00e9e\" \/>\n\t<meta name=\"twitter:data1\" content=\"2 minutes\" \/>\n<script type=\"application\/ld+json\" class=\"yoast-schema-graph\">{\"@context\":\"https:\/\/schema.org\",\"@graph\":[{\"@type\":\"WebPage\",\"@id\":\"https:\/\/www.dova-aircraft.cz\/fr\/deset-kroku-k-dokonalosti\/\",\"url\":\"https:\/\/www.dova-aircraft.cz\/fr\/deset-kroku-k-dokonalosti\/\",\"name\":\"Dix pas vers la perfection - DOVA Aircraft\",\"isPartOf\":{\"@id\":\"https:\/\/www.dova-aircraft.cz\/fr\/#website\"},\"datePublished\":\"2019-10-03T08:48:06+00:00\",\"dateModified\":\"2021-08-30T08:46:40+00:00\",\"breadcrumb\":{\"@id\":\"https:\/\/www.dova-aircraft.cz\/fr\/deset-kroku-k-dokonalosti\/#breadcrumb\"},\"inLanguage\":\"fr-FR\",\"potentialAction\":[{\"@type\":\"ReadAction\",\"target\":[\"https:\/\/www.dova-aircraft.cz\/fr\/deset-kroku-k-dokonalosti\/\"]}]},{\"@type\":\"BreadcrumbList\",\"@id\":\"https:\/\/www.dova-aircraft.cz\/fr\/deset-kroku-k-dokonalosti\/#breadcrumb\",\"itemListElement\":[{\"@type\":\"ListItem\",\"position\":1,\"name\":\"Dom\u016f\",\"item\":\"https:\/\/www.dova-aircraft.cz\/fr\/\"},{\"@type\":\"ListItem\",\"position\":2,\"name\":\"Dix pas vers la perfection\"}]},{\"@type\":\"WebSite\",\"@id\":\"https:\/\/www.dova-aircraft.cz\/fr\/#website\",\"url\":\"https:\/\/www.dova-aircraft.cz\/fr\/\",\"name\":\"DOVA Aircraft\",\"description\":\"Ultralight Skylark DV-1\",\"potentialAction\":[{\"@type\":\"SearchAction\",\"target\":{\"@type\":\"EntryPoint\",\"urlTemplate\":\"https:\/\/www.dova-aircraft.cz\/fr\/?s={search_term_string}\"},\"query-input\":\"required name=search_term_string\"}],\"inLanguage\":\"fr-FR\"}]}<\/script>\n<!-- \/ Yoast SEO plugin. -->","yoast_head_json":{"title":"Dix pas vers la perfection - DOVA Aircraft","robots":{"index":"index","follow":"follow","max-snippet":"max-snippet:-1","max-image-preview":"max-image-preview:large","max-video-preview":"max-video-preview:-1"},"canonical":"https:\/\/www.dova-aircraft.cz\/fr\/deset-kroku-k-dokonalosti\/","og_locale":"fr_FR","og_type":"article","og_title":"Dix pas vers la perfection - DOVA Aircraft","og_description":"ULM enti\u00e8rement m\u00e9tallique, \u00e9l\u00e9gant et durable \u2013 Fuselage semi-monocoque ...","og_url":"https:\/\/www.dova-aircraft.cz\/fr\/deset-kroku-k-dokonalosti\/","og_site_name":"DOVA Aircraft","article_modified_time":"2021-08-30T08:46:40+00:00","twitter_card":"summary_large_image","twitter_misc":{"Dur\u00e9e de lecture estim\u00e9e":"2 minutes"},"schema":{"@context":"https:\/\/schema.org","@graph":[{"@type":"WebPage","@id":"https:\/\/www.dova-aircraft.cz\/fr\/deset-kroku-k-dokonalosti\/","url":"https:\/\/www.dova-aircraft.cz\/fr\/deset-kroku-k-dokonalosti\/","name":"Dix pas vers la perfection - DOVA Aircraft","isPartOf":{"@id":"https:\/\/www.dova-aircraft.cz\/fr\/#website"},"datePublished":"2019-10-03T08:48:06+00:00","dateModified":"2021-08-30T08:46:40+00:00","breadcrumb":{"@id":"https:\/\/www.dova-aircraft.cz\/fr\/deset-kroku-k-dokonalosti\/#breadcrumb"},"inLanguage":"fr-FR","potentialAction":[{"@type":"ReadAction","target":["https:\/\/www.dova-aircraft.cz\/fr\/deset-kroku-k-dokonalosti\/"]}]},{"@type":"BreadcrumbList","@id":"https:\/\/www.dova-aircraft.cz\/fr\/deset-kroku-k-dokonalosti\/#breadcrumb","itemListElement":[{"@type":"ListItem","position":1,"name":"Dom\u016f","item":"https:\/\/www.dova-aircraft.cz\/fr\/"},{"@type":"ListItem","position":2,"name":"Dix pas vers la perfection"}]},{"@type":"WebSite","@id":"https:\/\/www.dova-aircraft.cz\/fr\/#website","url":"https:\/\/www.dova-aircraft.cz\/fr\/","name":"DOVA Aircraft","description":"Ultralight Skylark DV-1","potentialAction":[{"@type":"SearchAction","target":{"@type":"EntryPoint","urlTemplate":"https:\/\/www.dova-aircraft.cz\/fr\/?s={search_term_string}"},"query-input":"required name=search_term_string"}],"inLanguage":"fr-FR"}]}},"_links":{"self":[{"href":"https:\/\/www.dova-aircraft.cz\/fr\/wp-json\/wp\/v2\/pages\/6686"}],"collection":[{"href":"https:\/\/www.dova-aircraft.cz\/fr\/wp-json\/wp\/v2\/pages"}],"about":[{"href":"https:\/\/www.dova-aircraft.cz\/fr\/wp-json\/wp\/v2\/types\/page"}],"author":[{"embeddable":true,"href":"https:\/\/www.dova-aircraft.cz\/fr\/wp-json\/wp\/v2\/users\/3"}],"replies":[{"embeddable":true,"href":"https:\/\/www.dova-aircraft.cz\/fr\/wp-json\/wp\/v2\/comments?post=6686"}],"version-history":[{"count":18,"href":"https:\/\/www.dova-aircraft.cz\/fr\/wp-json\/wp\/v2\/pages\/6686\/revisions"}],"predecessor-version":[{"id":11922,"href":"https:\/\/www.dova-aircraft.cz\/fr\/wp-json\/wp\/v2\/pages\/6686\/revisions\/11922"}],"wp:attachment":[{"href":"https:\/\/www.dova-aircraft.cz\/fr\/wp-json\/wp\/v2\/media?parent=6686"}],"curies":[{"name":"wp","href":"https:\/\/api.w.org\/{rel}","templated":true}]}}