{"id":6632,"date":"2019-10-03T09:07:44","date_gmt":"2019-10-03T07:07:44","guid":{"rendered":"http:\/\/www.dova-aircraft.cz\/technicke-parametry\/"},"modified":"2021-08-30T13:23:30","modified_gmt":"2021-08-30T11:23:30","slug":"technicke-parametry","status":"publish","type":"page","link":"https:\/\/www.dova-aircraft.cz\/fr\/technicke-parametry\/","title":{"rendered":"Param\u00e8tres techniques"},"content":{"rendered":"<div class=\"column one-half\">\n<h4 class=\"dova-skylark\"><span style=\"text-decoration: underline;\">Capacit\u00e9 de charge<\/span><\/h4>\n<div class=\"dova-tabulka-responzivni\">\n<table class=\"dova-tabulka\">\n<thead>\n<tr>\n<td><\/td>\n<th><strong>ULM<\/strong><\/th>\n<th><strong>E-LSA<\/strong><\/th>\n<\/tr>\n<\/thead>\n<tbody>\n<tr>\n<th><strong>Masse \u00e0 vide<\/strong> (sans \/ avec parachute)<\/th>\n<td>284 \/ 298 kg<\/td>\n<td>290 kg<\/td>\n<\/tr>\n<tr>\n<th><strong>Masse maximale au d\u00e9collage <\/strong>(sans \/ avec parachute)<\/th>\n<td>500 \/ 525 kg<\/td>\n<td>600 kg<\/td>\n<\/tr>\n<tr>\n<th><strong>Charge utile <\/strong>(sans \/ avec parachute)<\/th>\n<td>216 \/ 227 kg<\/td>\n<td>310 kg<\/td>\n<\/tr>\n<tr>\n<th><strong>Capacit\u00e9 des r\u00e9servoirs d&rsquo;ailes<\/strong><\/th>\n<td>90 l<\/td>\n<td>90 l<\/td>\n<\/tr>\n<tr>\n<th><strong>Masse maximale dans la soute \u00e0 bagages<\/strong><\/th>\n<td>20 kg<\/td>\n<td>20 kg<\/td>\n<\/tr>\n<tr>\n<th><strong><span style=\"font-family: inherit; font-size: inherit;\">Facteur de charge<\/span><\/strong><\/th>\n<td>+4|-2 <span style=\"font-family: inherit; font-size: inherit;\">g\u00a0<\/span><\/td>\n<td>+4|-2 g<\/td>\n<\/tr>\n<\/tbody>\n<\/table>\n<\/div>\n<h4 class=\"dova-skylark\"><span style=\"text-decoration: underline;\">Vitesses et limitations<\/span><\/h4>\n<div class=\"dova-tabulka-responzivni\">\n<table class=\"dova-tabulka\">\n<thead>\n<tr>\n<td><\/td>\n<th><strong>ULM<\/strong><\/th>\n<th><strong>E-LSA<\/strong><\/th>\n<\/tr>\n<\/thead>\n<tbody>\n<tr>\n<th><strong>Vitesse\u00a0<span style=\"font-family: inherit; font-size: inherit;\">de de\u0301crochage avec volets 40\u00b0 (VS0)<\/span><\/strong><\/th>\n<td>64 km\/h<\/td>\n<td>68 km\/h<\/td>\n<\/tr>\n<tr>\n<th><strong>Vitesse\u00a0<span style=\"font-family: inherit; font-size: inherit;\">de de\u0301crochage en lisse<\/span><span style=\"font-family: inherit; font-size: inherit;\">\u00a0(VS1)<\/span><\/strong><\/th>\n<td>78 km\/h<\/td>\n<td>83 km\/h<\/td>\n<\/tr>\n<tr>\n<th><strong>Vitesse maximale d\u2019utilisation des volets\u00a0<\/strong><\/th>\n<td>130 km\/h<\/td>\n<td>140 km\/h<\/td>\n<\/tr>\n<tr>\n<th><strong>Vitesse de <span style=\"font-family: inherit; font-size: inherit;\">croisie\u0300re a\u0300 75%<\/span><\/strong><\/th>\n<td>210 km\/h<\/td>\n<td>210 km\/h<\/td>\n<\/tr>\n<tr>\n<th><strong>Vitesse maximale en palier<\/strong><\/th>\n<td>230 km\/h<\/td>\n<td>230 km\/h<\/td>\n<\/tr>\n<tr>\n<th><strong>Vitesse maximale\u00a0<span style=\"font-family: inherit; font-size: inherit;\">a\u0300 ne jamais de\u0301passer (VNE)<\/span><\/strong><\/th>\n<td>260 km\/h<\/td>\n<td>285 km\/h<\/td>\n<\/tr>\n<tr>\n<th><strong>Plafond d&rsquo;utilisation<\/strong><\/th>\n<td>3650 m<\/td>\n<td>3650 m<\/td>\n<\/tr>\n<\/tbody>\n<\/table>\n<\/div>\n<\/div>\n<div class=\"column one-half last-col\">\n<h4 class=\"dova-skylark\"><span style=\"text-decoration: underline;\">Dimensions<\/span><\/h4>\n<div class=\"dova-tabulka-responzivni\">\n<table class=\"dova-tabulka\">\n<tbody>\n<tr>\n<th><strong>Envergure des ailes<\/strong><\/th>\n<td>8.14 m<\/td>\n<\/tr>\n<tr>\n<th><strong>Longueur de l\u00b4avion<\/strong><\/th>\n<td>6.62 m<\/td>\n<\/tr>\n<tr>\n<th><strong>Hauteur de l\u00b4avion<\/strong><\/th>\n<td>2.28 m<\/td>\n<\/tr>\n<tr>\n<th><strong>Largeur de la cabine<\/strong><\/th>\n<td>1.09 m<\/td>\n<\/tr>\n<tr>\n<th><strong>Surface alaire<\/strong><\/th>\n<td>9.44 m<sup>2<\/sup><\/td>\n<\/tr>\n<tr>\n<th><strong>Surface empennage horizontal<\/strong><\/th>\n<td>1,407 m<sup>2<\/sup><\/td>\n<\/tr>\n<tr>\n<th><strong>Surface empennage vertical\u00a0<\/strong><\/th>\n<td>1,02 m<sup>2<\/sup><\/td>\n<\/tr>\n<\/tbody>\n<\/table>\n<\/div>\n<\/div>\n<div class=\"spacer-medium\"><\/div>\n<div>\n<h4 class=\"dova-skylark\"><span style=\"text-decoration: underline;\">Autres param\u00e8tres<\/span><\/h4>\n<div class=\"dova-tabulka-responzivni\">\n<table class=\"dova-tabulka\">\n<tbody>\n<tr>\n<th><strong>Taux de mont\u00e9e<\/strong><\/th>\n<td>6 m\/s<\/td>\n<\/tr>\n<tr>\n<th><strong>Distance de d\u00e9collage<\/strong><\/th>\n<td>265 m<\/td>\n<\/tr>\n<tr>\n<th><strong>Distance de roulage<\/strong><\/th>\n<td>180 m<\/td>\n<\/tr>\n<tr>\n<th><strong>Distance de freinage<\/strong><\/th>\n<td>130 m<\/td>\n<\/tr>\n<tr>\n<th><strong>Distance franchissable (r\u00e9serve de 30 min.)<\/strong><\/th>\n<td>1000 km<\/td>\n<\/tr>\n<tr>\n<th><strong>Endurrance (r\u00e9serve de 30 min.)<\/strong><\/th>\n<td>5 h<\/td>\n<\/tr>\n<tr>\n<th><strong>Consommation moyenne de carburant\u00a0<\/strong><\/th>\n<td>15\u00a0 l\/h<\/td>\n<\/tr>\n<\/tbody>\n<\/table>\n<\/div>\n<\/div>\n<div class=\"column one-half last-col\">\n<h4 class=\"dova-skylark\"><\/h4>\n<\/div>\n","protected":false},"excerpt":{"rendered":"<p>Capacit\u00e9 de charge ULM E-LSA Masse \u00e0 vide (sans &#8230;<\/p>\n","protected":false},"author":3,"featured_media":0,"parent":0,"menu_order":0,"comment_status":"closed","ping_status":"closed","template":"","meta":[],"acf":[],"yoast_head":"<!-- This site is optimized with the Yoast SEO plugin v20.10 - https:\/\/yoast.com\/wordpress\/plugins\/seo\/ -->\n<title>Param\u00e8tres techniques - DOVA Aircraft<\/title>\n<meta name=\"robots\" content=\"index, follow, max-snippet:-1, max-image-preview:large, max-video-preview:-1\" \/>\n<link rel=\"canonical\" href=\"https:\/\/www.dova-aircraft.cz\/fr\/technicke-parametry\/\" \/>\n<meta property=\"og:locale\" content=\"fr_FR\" \/>\n<meta property=\"og:type\" content=\"article\" \/>\n<meta property=\"og:title\" content=\"Param\u00e8tres techniques - DOVA Aircraft\" \/>\n<meta property=\"og:description\" content=\"Capacit\u00e9 de charge ULM E-LSA Masse \u00e0 vide (sans ...\" \/>\n<meta property=\"og:url\" content=\"https:\/\/www.dova-aircraft.cz\/fr\/technicke-parametry\/\" \/>\n<meta property=\"og:site_name\" content=\"DOVA Aircraft\" \/>\n<meta property=\"article:modified_time\" content=\"2021-08-30T11:23:30+00:00\" \/>\n<meta name=\"twitter:card\" content=\"summary_large_image\" \/>\n<meta name=\"twitter:label1\" content=\"Dur\u00e9e de lecture estim\u00e9e\" \/>\n\t<meta name=\"twitter:data1\" content=\"1 minute\" \/>\n<script type=\"application\/ld+json\" class=\"yoast-schema-graph\">{\"@context\":\"https:\/\/schema.org\",\"@graph\":[{\"@type\":\"WebPage\",\"@id\":\"https:\/\/www.dova-aircraft.cz\/fr\/technicke-parametry\/\",\"url\":\"https:\/\/www.dova-aircraft.cz\/fr\/technicke-parametry\/\",\"name\":\"Param\u00e8tres techniques - DOVA Aircraft\",\"isPartOf\":{\"@id\":\"https:\/\/www.dova-aircraft.cz\/fr\/#website\"},\"datePublished\":\"2019-10-03T07:07:44+00:00\",\"dateModified\":\"2021-08-30T11:23:30+00:00\",\"breadcrumb\":{\"@id\":\"https:\/\/www.dova-aircraft.cz\/fr\/technicke-parametry\/#breadcrumb\"},\"inLanguage\":\"fr-FR\",\"potentialAction\":[{\"@type\":\"ReadAction\",\"target\":[\"https:\/\/www.dova-aircraft.cz\/fr\/technicke-parametry\/\"]}]},{\"@type\":\"BreadcrumbList\",\"@id\":\"https:\/\/www.dova-aircraft.cz\/fr\/technicke-parametry\/#breadcrumb\",\"itemListElement\":[{\"@type\":\"ListItem\",\"position\":1,\"name\":\"Dom\u016f\",\"item\":\"https:\/\/www.dova-aircraft.cz\/fr\/\"},{\"@type\":\"ListItem\",\"position\":2,\"name\":\"Param\u00e8tres techniques\"}]},{\"@type\":\"WebSite\",\"@id\":\"https:\/\/www.dova-aircraft.cz\/fr\/#website\",\"url\":\"https:\/\/www.dova-aircraft.cz\/fr\/\",\"name\":\"DOVA Aircraft\",\"description\":\"Ultralight Skylark DV-1\",\"potentialAction\":[{\"@type\":\"SearchAction\",\"target\":{\"@type\":\"EntryPoint\",\"urlTemplate\":\"https:\/\/www.dova-aircraft.cz\/fr\/?s={search_term_string}\"},\"query-input\":\"required name=search_term_string\"}],\"inLanguage\":\"fr-FR\"}]}<\/script>\n<!-- \/ Yoast SEO plugin. -->","yoast_head_json":{"title":"Param\u00e8tres techniques - DOVA Aircraft","robots":{"index":"index","follow":"follow","max-snippet":"max-snippet:-1","max-image-preview":"max-image-preview:large","max-video-preview":"max-video-preview:-1"},"canonical":"https:\/\/www.dova-aircraft.cz\/fr\/technicke-parametry\/","og_locale":"fr_FR","og_type":"article","og_title":"Param\u00e8tres techniques - DOVA Aircraft","og_description":"Capacit\u00e9 de charge ULM E-LSA Masse \u00e0 vide (sans ...","og_url":"https:\/\/www.dova-aircraft.cz\/fr\/technicke-parametry\/","og_site_name":"DOVA Aircraft","article_modified_time":"2021-08-30T11:23:30+00:00","twitter_card":"summary_large_image","twitter_misc":{"Dur\u00e9e de lecture estim\u00e9e":"1 minute"},"schema":{"@context":"https:\/\/schema.org","@graph":[{"@type":"WebPage","@id":"https:\/\/www.dova-aircraft.cz\/fr\/technicke-parametry\/","url":"https:\/\/www.dova-aircraft.cz\/fr\/technicke-parametry\/","name":"Param\u00e8tres techniques - DOVA Aircraft","isPartOf":{"@id":"https:\/\/www.dova-aircraft.cz\/fr\/#website"},"datePublished":"2019-10-03T07:07:44+00:00","dateModified":"2021-08-30T11:23:30+00:00","breadcrumb":{"@id":"https:\/\/www.dova-aircraft.cz\/fr\/technicke-parametry\/#breadcrumb"},"inLanguage":"fr-FR","potentialAction":[{"@type":"ReadAction","target":["https:\/\/www.dova-aircraft.cz\/fr\/technicke-parametry\/"]}]},{"@type":"BreadcrumbList","@id":"https:\/\/www.dova-aircraft.cz\/fr\/technicke-parametry\/#breadcrumb","itemListElement":[{"@type":"ListItem","position":1,"name":"Dom\u016f","item":"https:\/\/www.dova-aircraft.cz\/fr\/"},{"@type":"ListItem","position":2,"name":"Param\u00e8tres techniques"}]},{"@type":"WebSite","@id":"https:\/\/www.dova-aircraft.cz\/fr\/#website","url":"https:\/\/www.dova-aircraft.cz\/fr\/","name":"DOVA Aircraft","description":"Ultralight Skylark DV-1","potentialAction":[{"@type":"SearchAction","target":{"@type":"EntryPoint","urlTemplate":"https:\/\/www.dova-aircraft.cz\/fr\/?s={search_term_string}"},"query-input":"required name=search_term_string"}],"inLanguage":"fr-FR"}]}},"_links":{"self":[{"href":"https:\/\/www.dova-aircraft.cz\/fr\/wp-json\/wp\/v2\/pages\/6632"}],"collection":[{"href":"https:\/\/www.dova-aircraft.cz\/fr\/wp-json\/wp\/v2\/pages"}],"about":[{"href":"https:\/\/www.dova-aircraft.cz\/fr\/wp-json\/wp\/v2\/types\/page"}],"author":[{"embeddable":true,"href":"https:\/\/www.dova-aircraft.cz\/fr\/wp-json\/wp\/v2\/users\/3"}],"replies":[{"embeddable":true,"href":"https:\/\/www.dova-aircraft.cz\/fr\/wp-json\/wp\/v2\/comments?post=6632"}],"version-history":[{"count":15,"href":"https:\/\/www.dova-aircraft.cz\/fr\/wp-json\/wp\/v2\/pages\/6632\/revisions"}],"predecessor-version":[{"id":11927,"href":"https:\/\/www.dova-aircraft.cz\/fr\/wp-json\/wp\/v2\/pages\/6632\/revisions\/11927"}],"wp:attachment":[{"href":"https:\/\/www.dova-aircraft.cz\/fr\/wp-json\/wp\/v2\/media?parent=6632"}],"curies":[{"name":"wp","href":"https:\/\/api.w.org\/{rel}","templated":true}]}}